{"id":2218,"date":"2019-11-21T09:26:20","date_gmt":"2019-11-21T12:26:20","guid":{"rendered":"https:\/\/iep.crp.ufv.br\/?page_id=2218"},"modified":"2021-01-07T12:44:10","modified_gmt":"2021-01-07T15:44:10","slug":"menu03","status":"publish","type":"page","link":"https:\/\/iep.crp.ufv.br\/?page_id=2218","title":{"rendered":"Emiss\u00e3o de Certificados"},"content":{"rendered":"\n<p>Para que o Instituto de Ci\u00eancias Exatas e Tecnol\u00f3gicas realize a emiss\u00e3o de certificados pelo sistema https:\/\/www.certificados.ufv.br o requisitante (<strong>coordenador\u00a0<\/strong>da atividade) deve realizar os seguintes procedimentos:<br \/>1) <strong>Lan\u00e7ar <\/strong>a atividade no RAEX (http:\/\/www.raex.ufv.br) e <strong>acompanhar <\/strong>a tramita\u00e7\u00e3o <strong>at\u00e9 o registro ser efetivado<\/strong> (autoriza\u00e7\u00e3o em \u00faltima inst\u00e2ncia pela Pr\u00f3-reitoria de Extens\u00e3o e Cultura), uma vez que, somente ap\u00f3s o registro, os certificados (inclusive dos organizadores) poder\u00e3o ser emitidos.<br \/>2) <strong>Preencher <\/strong>planilha edit\u00e1vel neste <a href=\"https:\/\/iep.crp.ufv.br\/wp-content\/uploads\/geracao-certificados.xlsx\">modelo<\/a> (<a href=\"https:\/\/iep.crp.ufv.br\/wp-content\/uploads\/geracao-certificados.xlsx\">clique aqui para baix\u00e1-lo<\/a>)(Excel ou Calc) com os dados requisitados.<br \/>3) <strong>Enviar <\/strong>a requisi\u00e7\u00e3o para o e-mail: <strong>iep.crp@ufv.br<\/strong>.<br \/>4) O <strong>coordenador <\/strong>da atividade dever\u00e1 <strong>encaminhar sua assinatura<\/strong> digitalizada em formato <strong>.PNG<\/strong> ao IEP, caso o setor ainda n\u00e3o a possua arquivada.  <\/p>\n\n\n\n<p> Orienta\u00e7\u00f5es: <br \/>1) Minicursos, visitas e outras atividades dentro de um mesmo evento, dever\u00e3o ser cadastradas em novas planilhas <strong>dentro do mesmo arquivo<\/strong> (pasta de trabalho).<br \/>2) Deve-se <strong>evitar atribuir cargas hor\u00e1rias diferentes<\/strong> para cada participante, assim como, <strong>horas incompletas<\/strong> (Ex.: 3h20min). Recomenda-se usar a norma de 75% de presen\u00e7a.<br \/>3) Caso haja erro no nome, CPF ou e-mail informado, o sistema bloquear\u00e1 a emiss\u00e3o do certificado. Pedimos m\u00e1ximo <strong>cuidado com rela\u00e7\u00e3o aos n\u00fameros de CPF<\/strong> informados, estes devem estar <strong>sem ponto, sem h\u00edfen e com 11 d\u00edgitos<\/strong>. No caso dos n\u00fameros de CPF que iniciarem com zero, dever\u00e1 ser colocado um ap\u00f3strofo antes desse algarismo, para que o mesmo seja salvo como texto.<br \/>4) Registros antigos n\u00e3o migrar\u00e3o para o novo sistema. Entretanto, eventos antigos que nunca foram certificados, dever\u00e3o se adequar ao novo procedimento.<br \/>5) O <strong>prazo para emiss\u00e3o<\/strong> ser\u00e1 de <strong>dez dias \u00fateis<\/strong>, contados a partir do envio da <strong>informa\u00e7\u00e3o completa e correta<\/strong>. Caso o processo caia em dilig\u00eancia, a contagem recome\u00e7ar\u00e1 com o novo envio.<br \/>6) Eventos de grande porte, com mais de mil documentos, poder\u00e3o demandar um tempo maior, bem como eventualidades.<br \/>7) <strong>Informa\u00e7\u00f5es adicionais<\/strong>, tais como, conte\u00fado program\u00e1tico, parceria de empresas juniores e afins, logotipos, dentre outros, dever\u00e3o ser <strong>enviadas juntamente com o pedido<\/strong>.<br \/>8) Situa\u00e7\u00f5es espec\u00edficas e documentos especiais dever\u00e3o ser previamente acordados.<br \/>9) Somente o <strong>coordenador <\/strong>da atividade (servidor) poder\u00e1 <strong>requisitar a emiss\u00e3o de documentos<\/strong>. N\u00e3o s\u00e3o aceitas requisi\u00e7\u00f5es de alunos.<br \/>10) Certificados das comiss\u00f5es <strong>organizadoras<\/strong>, <strong>palestrantes<\/strong>, <strong>ministrantes<\/strong> e <strong>colaboradores <\/strong>s\u00e3o emitidos <strong>automaticamente pelo RAEX<\/strong>.<\/p>\n\n\n\n<p>Os <strong>participantes ouvintes <\/strong>das atividades de extens\u00e3o podem baixar seus certificados acessando: <a href=\"https:\/\/www.certificados.ufv.br\">https:\/\/www.certificados.ufv.br<\/a> > Meus Certificados<\/p>\n","protected":false},"excerpt":{"rendered":"<p>Para que o Instituto de Ci\u00eancias Exatas e Tecnol\u00f3gicas realize a emiss\u00e3o de certificados pelo sistema https:\/\/www.certificados.ufv.br o requisitante (coordenador\u00a0da atividade) deve realizar os seguintes procedimentos:1) Lan\u00e7ar a atividade no RAEX (http:\/\/www.raex.ufv.br) e acompanhar a tramita\u00e7\u00e3o at\u00e9 o registro ser efetivado (autoriza\u00e7\u00e3o em \u00faltima inst\u00e2ncia pela Pr\u00f3-reitoria de Extens\u00e3o e Cultura), uma vez que, somente [&hellip;]<\/p>\n","protected":false},"author":1,"featured_media":0,"parent":0,"menu_order":0,"comment_status":"closed","ping_status":"closed","template":"","meta":{"ngg_post_thumbnail":0,"footnotes":""},"class_list":["post-2218","page","type-page","status-publish","hentry"],"_links":{"self":[{"href":"https:\/\/iep.crp.ufv.br\/index.php?rest_route=\/wp\/v2\/pages\/2218","targetHints":{"allow":["GET"]}}],"collection":[{"href":"https:\/\/iep.crp.ufv.br\/index.php?rest_route=\/wp\/v2\/pages"}],"about":[{"href":"https:\/\/iep.crp.ufv.br\/index.php?rest_route=\/wp\/v2\/types\/page"}],"author":[{"embeddable":true,"href":"https:\/\/iep.crp.ufv.br\/index.php?rest_route=\/wp\/v2\/users\/1"}],"replies":[{"embeddable":true,"href":"https:\/\/iep.crp.ufv.br\/index.php?rest_route=%2Fwp%2Fv2%2Fcomments&post=2218"}],"version-history":[{"count":13,"href":"https:\/\/iep.crp.ufv.br\/index.php?rest_route=\/wp\/v2\/pages\/2218\/revisions"}],"predecessor-version":[{"id":2392,"href":"https:\/\/iep.crp.ufv.br\/index.php?rest_route=\/wp\/v2\/pages\/2218\/revisions\/2392"}],"wp:attachment":[{"href":"https:\/\/iep.crp.ufv.br\/index.php?rest_route=%2Fwp%2Fv2%2Fmedia&parent=2218"}],"curies":[{"name":"wp","href":"https:\/\/api.w.org\/{rel}","templated":true}]}}